{"id":212,"date":"2024-05-20T22:58:08","date_gmt":"2024-05-20T20:58:08","guid":{"rendered":"https:\/\/rwr.lu\/?page_id=212"},"modified":"2025-03-10T17:04:07","modified_gmt":"2025-03-10T16:04:07","slug":"roud-waeiss-rose-asbl","status":"publish","type":"page","link":"https:\/\/rwr.lu\/?page_id=212","title":{"rendered":"Roud W\u00e4iss Ros\u00e9 asbl"},"content":{"rendered":"\n<pre class=\"wp-block-verse\"><mark style=\"background-color:rgba(0, 0, 0, 0)\" class=\"has-inline-color has-custom-color-1-color\"><em>Weinliebhaber und alle die gerne ein gutes Glas Wein trinken<br>Hier einige Erkl\u00e4rungen zum neuen Verein:<\/em><\/mark><\/pre>\n\n\n\n<p>Im Grossherzogtum finden wir ein breit gef\u00e4chertes Angebot an Weinen aus allen Teilen der Welt. Anstatt nach neuen Weinen zu suchen , nutzen wir lieber den regionalen Markt bestehend aus&nbsp; Winzern und Weinh\u00e4ndlern hier in&nbsp; der Grossregion . Bei diesem Angebot von mehreren tausend verschiedenen Weinen ist es schwierig seine Auswahl zu treffen und viele von uns sind bei den grossen Verkostungen einfach \u00fcberfordert und f\u00fchlen sich verloren und unwohl.<\/p>\n\n\n\n<p>Die Rolle des Vereins ist die eines Vermittlers\/Beraters zwischen den Winzern \/&nbsp; Weinh\u00e4ndlern und dem Endverbraucher. Bei den 4 j\u00e4hrlichen Verkostungen des Vereins werden rund f\u00fcnfzehn Weine pr\u00e4sentiert , nie die Gleichen , und stets entsprechend der Jahreszeit ausgew\u00e4hlt.<\/p>\n\n\n\n<p>Der Preis der Weine entspricht dem offiziellen Preis des Winzers\/Weinh\u00e4ndlers , also der korrekte Preis des Weines, der vom Winzer oder Importeur festgelegt wurde. Kein Ausverkauf, kein Wucherpreis , und somit ein sicherer Einkauf f\u00fcr die Mitglieder .<\/p>\n\n\n\n<p>Der Verein finanziert sich durch einen Rabatt auf den Gruppenbestellungen und k\u00fcmmert sich um die Verrechnung und Lieferung der Einzelbestellungen.<\/p>\n\n\n\n<p>Der Verein organisiert Besuche bei den Winzern, um direkte Kontakte zu den Vereinsmitgliedern herzustellen. Als weitere Projekte sind Verkostungsseminare mit Experten geplant. In Vorbereitung ist ausserdem eine Website mit Informationen zu Vereinsveranstaltungen und einer Vielzahl weiterer Informationen zum Thema Wein.<\/p>\n\n\n\n<p>Wie sie sehen, richtet sich der Verein nicht nur an erfahrene Geniesser , sondern auch an Neueinsteiger , an junge Generationen , die so die Zukunft unserer Weinregion sichern.<\/p>\n\n\n\n<p>Verkostungen 2025 im Restaurant Kohn in Altwies:<\/p>\n\n\n\n<ul class=\"wp-block-list\">\n<li><strong>Dienstag 1. April<\/strong><\/li>\n<\/ul>\n\n\n\n<ul class=\"wp-block-list\">\n<li><strong>Montag 30. Juni <\/strong><\/li>\n\n\n\n<li><strong>Dienstag 30. September<\/strong><\/li>\n<\/ul>\n\n\n\n<p>F\u00fcr den Vorstand,<\/p>\n\n\n\n<p>Marc Krier, President<\/p>\n\n\n\n<figure class=\"wp-block-image aligncenter size-full\"><img loading=\"lazy\" decoding=\"async\" width=\"213\" height=\"205\" src=\"https:\/\/rwr.lu\/wp-content\/uploads\/2024\/05\/logowebpsmall-1.webp\" alt=\"\" class=\"wp-image-178\"\/><\/figure>\n","protected":false},"excerpt":{"rendered":"<p>Weinliebhaber und alle die gerne ein gutes Glas Wein trinkenHier einige Erkl\u00e4rungen zum neuen Verein: Im Grossherzogtum finden wir ein breit gef\u00e4chertes Angebot an Weinen aus allen Teilen der Welt. Anstatt nach neuen Weinen zu suchen , nutzen wir lieber den regionalen Markt bestehend aus&nbsp; Winzern und Weinh\u00e4ndlern hier in&nbsp; der Grossregion . Bei diesem [&hellip;]<\/p>\n","protected":false},"author":1,"featured_media":0,"parent":0,"menu_order":0,"comment_status":"closed","ping_status":"closed","template":"","meta":{"footnotes":""},"class_list":["post-212","page","type-page","status-publish","hentry"],"_links":{"self":[{"href":"https:\/\/rwr.lu\/index.php?rest_route=\/wp\/v2\/pages\/212","targetHints":{"allow":["GET"]}}],"collection":[{"href":"https:\/\/rwr.lu\/index.php?rest_route=\/wp\/v2\/pages"}],"about":[{"href":"https:\/\/rwr.lu\/index.php?rest_route=\/wp\/v2\/types\/page"}],"author":[{"embeddable":true,"href":"https:\/\/rwr.lu\/index.php?rest_route=\/wp\/v2\/users\/1"}],"replies":[{"embeddable":true,"href":"https:\/\/rwr.lu\/index.php?rest_route=%2Fwp%2Fv2%2Fcomments&post=212"}],"version-history":[{"count":4,"href":"https:\/\/rwr.lu\/index.php?rest_route=\/wp\/v2\/pages\/212\/revisions"}],"predecessor-version":[{"id":369,"href":"https:\/\/rwr.lu\/index.php?rest_route=\/wp\/v2\/pages\/212\/revisions\/369"}],"wp:attachment":[{"href":"https:\/\/rwr.lu\/index.php?rest_route=%2Fwp%2Fv2%2Fmedia&parent=212"}],"curies":[{"name":"wp","href":"https:\/\/api.w.org\/{rel}","templated":true}]}}