{"id":76,"date":"2024-04-10T21:06:46","date_gmt":"2024-04-10T19:06:46","guid":{"rendered":"http:\/\/192.168.178.47\/wordpress\/?page_id=76"},"modified":"2024-09-18T22:47:45","modified_gmt":"2024-09-18T20:47:45","slug":"francais","status":"publish","type":"page","link":"https:\/\/rwr.lu\/?page_id=76","title":{"rendered":"Roud W\u00e4iss Ros\u00e9 asbl"},"content":{"rendered":"\n<p><em><mark style=\"background-color:rgba(0, 0, 0, 0)\" class=\"has-inline-color has-custom-color-1-color\">Amateurs et Amatrices du vin et tous ceux qui aiment boire un bon verre de vin. Voici&nbsp; quelques explications au sujet du nouveau club<\/mark><\/em><\/p>\n\n\n\n<p>Au Grand-Duch\u00e9 on retrouve une offre vaste et riche de vins venant de tous les coins du monde. Plut\u00f4t que d\u2019aller chercher encore des nouveaut\u00e9s, on pr\u00e9f\u00e8re se servir sur le march\u00e9 r\u00e9gional repr\u00e9sent\u00e9 par les vignerons et les n\u00e9gociants de vins de la Grande R\u00e9gion. Parmi cette offre importante de plusieurs milliers de vins, il est difficile de faire son choix et beaucoup d\u2019entre vous sont vite d\u00e9pass\u00e9s et perdus lors de grandes d\u00e9gustations.<br><\/p>\n\n\n\n<p>Le r\u00f4le du club est celui d\u2019un agent-interm\u00e9diaire entre les vignerons \/ n\u00e9go\u00e7iants et le consommateur final. Lors des 4 d\u00e9gustations annuelles du club, une quinzaine de vins seront pr\u00e9sent\u00e9s, jamais les m\u00eames , et toujours choisis en fonction de la saison.<\/p>\n\n\n\n<p>Le prix de la bouteille correspond au tarif officiel du vigneron\/n\u00e9gociant, c.\u00e0.d. le prix<br>correct du vin, fix\u00e9 par le vigneron ou l\u2019importateur. Pas de braderie, pas d\u2019exc\u00e8s et donc un achat en toute s\u00e9curit\u00e9 pour les membres.<\/p>\n\n\n\n<p>Le club se finance par une remise sur la commande group\u00e9e et s\u2019occupe de la facturation et livraison des commandes individuelles.<br>Le club organise des visites aupr\u00e8s des vignerons afin de cr\u00e9er ainsi des liens directs avec les membres du club. Des s\u00e9minaires de d\u00e9gustation avec des experts sont d\u2019autres projets envisag\u00e9s.<\/p>\n\n\n\n<p>Comme vous le voyez, le club s\u2019adresse non seulement aux connaisseurs, mais aussi aux d\u00e9butants en la mati\u00e8re, aux nouvelles g\u00e9n\u00e9rations qui vont assurer ainsi l\u2019avenir de notre r\u00e9gion viticole .<\/p>\n\n\n\n<p>D\u00e9gustations en 2024 au Restaurant Kohn \u00e0 Altwies:<\/p>\n\n\n\n<p><strong>Mardi 4 juin &nbsp;&nbsp;&nbsp;&nbsp;&nbsp;&nbsp;&nbsp;&nbsp;&nbsp;&nbsp;&nbsp;&nbsp;&nbsp;&nbsp;Jeudi 12 septembre&nbsp;&nbsp;&nbsp;&nbsp;&nbsp;&nbsp;&nbsp;&nbsp;&nbsp;&nbsp;&nbsp; Mardi 3 d\u00e9cembre<\/strong><\/p>\n\n\n\n<p>Pour le comit\u00e9<\/p>\n\n\n\n<p>Marc Krier, pr\u00e9sident<\/p>\n\n\n\n<figure class=\"wp-block-image aligncenter size-full is-resized\"><img loading=\"lazy\" decoding=\"async\" width=\"213\" height=\"205\" src=\"https:\/\/rwr.lu\/wp-content\/uploads\/2024\/05\/logowebpsmall-3.webp\" alt=\"\" class=\"wp-image-187\" style=\"width:146px;height:auto\"\/><\/figure>\n","protected":false},"excerpt":{"rendered":"<p>Amateurs et Amatrices du vin et tous ceux qui aiment boire un bon verre de vin. Voici&nbsp; quelques explications au sujet du nouveau club Au Grand-Duch\u00e9 on retrouve une offre vaste et riche de vins venant de tous les coins du monde. Plut\u00f4t que d\u2019aller chercher encore des nouveaut\u00e9s, on pr\u00e9f\u00e8re se servir sur le [&hellip;]<\/p>\n","protected":false},"author":1,"featured_media":58,"parent":0,"menu_order":0,"comment_status":"closed","ping_status":"closed","template":"","meta":{"footnotes":""},"class_list":["post-76","page","type-page","status-publish","has-post-thumbnail","hentry"],"_links":{"self":[{"href":"https:\/\/rwr.lu\/index.php?rest_route=\/wp\/v2\/pages\/76","targetHints":{"allow":["GET"]}}],"collection":[{"href":"https:\/\/rwr.lu\/index.php?rest_route=\/wp\/v2\/pages"}],"about":[{"href":"https:\/\/rwr.lu\/index.php?rest_route=\/wp\/v2\/types\/page"}],"author":[{"embeddable":true,"href":"https:\/\/rwr.lu\/index.php?rest_route=\/wp\/v2\/users\/1"}],"replies":[{"embeddable":true,"href":"https:\/\/rwr.lu\/index.php?rest_route=%2Fwp%2Fv2%2Fcomments&post=76"}],"version-history":[{"count":6,"href":"https:\/\/rwr.lu\/index.php?rest_route=\/wp\/v2\/pages\/76\/revisions"}],"predecessor-version":[{"id":322,"href":"https:\/\/rwr.lu\/index.php?rest_route=\/wp\/v2\/pages\/76\/revisions\/322"}],"wp:featuredmedia":[{"embeddable":true,"href":"https:\/\/rwr.lu\/index.php?rest_route=\/"}],"wp:attachment":[{"href":"https:\/\/rwr.lu\/index.php?rest_route=%2Fwp%2Fv2%2Fmedia&parent=76"}],"curies":[{"name":"wp","href":"https:\/\/api.w.org\/{rel}","templated":true}]}}